{"id":902,"date":"2023-07-13T11:06:00","date_gmt":"2023-07-13T17:06:00","guid":{"rendered":"https:\/\/carcity.com.mx\/?page_id=902"},"modified":"2024-09-07T12:21:14","modified_gmt":"2024-09-07T17:21:14","slug":"gps-vehicular","status":"publish","type":"page","link":"https:\/\/carcity.com.mx\/en\/inicio\/gps-vehicular\/","title":{"rendered":"GPS Vehicular &#8211; landing"},"content":{"rendered":"<p>[et_pb_section fb_built=&#8221;1&#8243; custom_padding_last_edited=&#8221;on|desktop&#8221; disabled_on=&#8221;off|off|off&#8221; _builder_version=&#8221;4.21.0&#8243; _module_preset=&#8221;default&#8221; background_video_mp4=&#8221;https:\/\/carcity.com.mx\/wp-content\/uploads\/2022\/08\/carcity-background-2.mp4&#8243; background_enable_pattern_style=&#8221;on&#8221; background_pattern_style=&#8221;diagonal-stripes-2&#8243; background_pattern_color=&#8221;rgba(224,153,0,0.18)&#8221; background_pattern_transform=&#8221;flip_horizontal&#8221; custom_margin=&#8221;0px||0px||true|false&#8221; custom_margin_tablet=&#8221;0px||0px||true|false&#8221; custom_margin_phone=&#8221;0px||0px||true|false&#8221; custom_margin_last_edited=&#8221;on|desktop&#8221; custom_padding=&#8221;7%||3%||false|false&#8221; custom_padding_tablet=&#8221;7%||7%||true|false&#8221; custom_padding_phone=&#8221;7%||7%||true|false&#8221; background_last_edited=&#8221;on|phone&#8221; background_enable_video_mp4_phone=&#8221;off&#8221; background_enable_pattern_style_phone=&#8221;on&#8221; background_pattern_style_phone=&#8221;cubes&#8221; background_pattern_color_phone=&#8221;rgba(0,0,0,0.07)&#8221; background_enable_mask_style_phone=&#8221;off&#8221; da_disable_devices=&#8221;off|off|off&#8221; global_colors_info=&#8221;{}&#8221; da_is_popup=&#8221;off&#8221; da_exit_intent=&#8221;off&#8221; da_has_close=&#8221;on&#8221; da_alt_close=&#8221;off&#8221; da_dark_close=&#8221;off&#8221; da_not_modal=&#8221;on&#8221; da_is_singular=&#8221;off&#8221; da_with_loader=&#8221;off&#8221; da_has_shadow=&#8221;on&#8221;][et_pb_row _builder_version=&#8221;4.21.0&#8243; _module_preset=&#8221;default&#8221; background_color=&#8221;#ffffff&#8221; custom_margin=&#8221;-50px||||false|false&#8221; global_colors_info=&#8221;{}&#8221;][et_pb_column type=&#8221;4_4&#8243; _builder_version=&#8221;4.21.0&#8243; _module_preset=&#8221;default&#8221; global_colors_info=&#8221;{}&#8221;][et_pb_image src=&#8221;https:\/\/carcity.com.mx\/wp-content\/uploads\/2023\/08\/200-1.png&#8221; alt=&#8221;LOCALIZADOR GPS POR SOLO $200 PESOS MENSUALES&#8221; title_text=&#8221;$200&#8243; url=&#8221;#Datos&#8221; module_id=&#8221;img-precio-banner&#8221; _builder_version=&#8221;4.21.2&#8243; _module_preset=&#8221;default&#8221; width=&#8221;50%&#8221; module_alignment=&#8221;center&#8221; animation_style=&#8221;slide&#8221; global_colors_info=&#8221;{}&#8221;][\/et_pb_image][et_pb_text _builder_version=&#8221;4.21.0&#8243; _module_preset=&#8221;default&#8221; inline_fonts=&#8221;Roboto&#8221; global_colors_info=&#8221;{}&#8221;]<\/p>\n<p style=\"text-align: center;\"><span style=\"font-size: large; font-family: Roboto; font-weight: normal;\"><strong>Env\u00edanos tus datos y en breve nos pondremos en contacto contigo.<\/strong><\/span><\/p>\n<p>[\/et_pb_text][et_pb_contact_form use_spam_service=&#8221;on&#8221; recaptcha_list=&#8221;carcity1|carcity1-0&#8243; email=&#8221;carcitysocial@gmail.com&#8221; title=&#8221; \u00a1CONT\u00c1CTANOS!&#8221; custom_message=&#8221;Desde Landing Page||et_pb_line_break_holder||||et_pb_line_break_holder||=========================||et_pb_line_break_holder||Nombre: %%Name%% ||et_pb_line_break_holder||||et_pb_line_break_holder||Tel\u00e9fono: %%Tel%% ||et_pb_line_break_holder||||et_pb_line_break_holder||=========================&#8221; success_message=&#8221;Muchas gracias por contactarnos, en breve nos pondremos en contacto.&#8221; _builder_version=&#8221;4.24.3&#8243; _module_preset=&#8221;default&#8221; _unique_id=&#8221;a9bd28eb-fc8c-4320-8659-2726687e54ba&#8221; form_field_custom_margin=&#8221;2px||||false|false&#8221; title_level=&#8221;h2&#8243; title_font=&#8221;Roboto||||||||&#8221; title_text_align=&#8221;center&#8221; title_text_color=&#8221;#07337a&#8221; title_font_size=&#8221;25px&#8221; title_line_height=&#8221;2.1em&#8221; background_color=&#8221;#FFFFFF&#8221; custom_button=&#8221;on&#8221; button_text_color=&#8221;#FFFFFF&#8221; button_bg_color=&#8221;#199362&#8243; button_border_width=&#8221;0px&#8221; button_border_radius=&#8221;9px&#8221; button_custom_margin=&#8221;||50px||false|false&#8221; text_orientation=&#8221;left&#8221; custom_margin=&#8221;5%||5%||true|false&#8221; custom_margin_tablet=&#8221;5%||5%||true|false&#8221; custom_margin_phone=&#8221;5%||5%||true|false&#8221; custom_margin_last_edited=&#8221;on|desktop&#8221; custom_padding=&#8221;|5%||5%|false|true&#8221; title_font_size_tablet=&#8221;40px&#8221; title_font_size_phone=&#8221;40px&#8221; title_font_size_last_edited=&#8221;on|desktop&#8221; title_text_shadow_style=&#8221;preset4&#8243; box_shadow_style_button=&#8221;preset1&#8243; text_shadow_style=&#8221;preset1&#8243; text_shadow_color=&#8221;#079367&#8243; global_colors_info=&#8221;{}&#8221;][et_pb_contact_field field_id=&#8221;Name&#8221; field_title=&#8221;Nombre&#8221; min_length=&#8221;3&#8243; max_length=&#8221;250&#8243; allowed_symbols=&#8221;alphanumeric&#8221; fullwidth_field=&#8221;on&#8221; _builder_version=&#8221;4.24.3&#8243; global_colors_info=&#8221;{}&#8221; button_text_size__hover_enabled=&#8221;off&#8221; button_one_text_size__hover_enabled=&#8221;off&#8221; button_two_text_size__hover_enabled=&#8221;off&#8221; button_text_color__hover_enabled=&#8221;off&#8221; button_one_text_color__hover_enabled=&#8221;off&#8221; button_two_text_color__hover_enabled=&#8221;off&#8221; button_border_width__hover_enabled=&#8221;off&#8221; button_one_border_width__hover_enabled=&#8221;off&#8221; button_two_border_width__hover_enabled=&#8221;off&#8221; button_border_color__hover_enabled=&#8221;off&#8221; button_one_border_color__hover_enabled=&#8221;off&#8221; button_two_border_color__hover_enabled=&#8221;off&#8221; button_border_radius__hover_enabled=&#8221;off&#8221; button_one_border_radius__hover_enabled=&#8221;off&#8221; button_two_border_radius__hover_enabled=&#8221;off&#8221; button_letter_spacing__hover_enabled=&#8221;off&#8221; button_one_letter_spacing__hover_enabled=&#8221;off&#8221; button_two_letter_spacing__hover_enabled=&#8221;off&#8221; button_bg_color__hover_enabled=&#8221;off&#8221; button_one_bg_color__hover_enabled=&#8221;off&#8221; button_two_bg_color__hover_enabled=&#8221;off&#8221;][\/et_pb_contact_field][et_pb_contact_field field_id=&#8221;Tel&#8221; field_title=&#8221;Tel\u00e9fono\/Celular (10 d\u00edgitos)&#8221; min_length=&#8221;10&#8243; max_length=&#8221;15&#8243; allowed_symbols=&#8221;numbers&#8221; fullwidth_field=&#8221;on&#8221; _builder_version=&#8221;4.21.0&#8243; _module_preset=&#8221;default&#8221; global_colors_info=&#8221;{}&#8221;][\/et_pb_contact_field][\/et_pb_contact_form][\/et_pb_column][\/et_pb_row][et_pb_row _builder_version=&#8221;4.22.1&#8243; _module_preset=&#8221;default&#8221; global_colors_info=&#8221;{}&#8221;][et_pb_column type=&#8221;4_4&#8243; _builder_version=&#8221;4.22.1&#8243; _module_preset=&#8221;default&#8221; global_colors_info=&#8221;{}&#8221;][\/et_pb_column][\/et_pb_row][\/et_pb_section][et_pb_section fb_built=&#8221;1&#8243; _builder_version=&#8221;4.21.0&#8243; _module_preset=&#8221;default&#8221; background_color=&#8221;#f2f2f2&#8243; background_image=&#8221;https:\/\/carcity.com.mx\/wp-content\/uploads\/2022\/08\/Datos-Plataforma.png&#8221; background_size=&#8221;custom&#8221; background_image_width=&#8221;60%&#8221; background_position=&#8221;bottom_center&#8221; custom_padding=&#8221;||15%||false|false&#8221; background_last_edited=&#8221;on|phone&#8221; background_image_width_phone=&#8221;100%&#8221; da_disable_devices=&#8221;off|off|off&#8221; global_colors_info=&#8221;{}&#8221; da_is_popup=&#8221;off&#8221; da_exit_intent=&#8221;off&#8221; da_has_close=&#8221;on&#8221; da_alt_close=&#8221;off&#8221; da_dark_close=&#8221;off&#8221; da_not_modal=&#8221;on&#8221; da_is_singular=&#8221;off&#8221; da_with_loader=&#8221;off&#8221; da_has_shadow=&#8221;on&#8221;][et_pb_row _builder_version=&#8221;4.18.0&#8243; _module_preset=&#8221;default&#8221; global_colors_info=&#8221;{}&#8221;][et_pb_column type=&#8221;4_4&#8243; _builder_version=&#8221;4.18.0&#8243; _module_preset=&#8221;default&#8221; global_colors_info=&#8221;{}&#8221;][et_pb_text module_id=&#8221;Datos&#8221; _builder_version=&#8221;4.21.0&#8243; _module_preset=&#8221;default&#8221; header_2_font=&#8221;|800|||||||&#8221; header_2_text_align=&#8221;center&#8221; header_2_font_size=&#8221;40px&#8221; animation_style=&#8221;slide&#8221; global_colors_info=&#8221;{}&#8221;]<\/p>\n<h2>DATA SERVICE <span style=\"color: #ff9900;\">AND PLATFORM<\/span><\/h2>\n<p>[\/et_pb_text][\/et_pb_column][\/et_pb_row][et_pb_row column_structure=&#8221;1_4,1_4,1_4,1_4&#8243; use_custom_gutter=&#8221;on&#8221; gutter_width=&#8221;1&#8243; make_equal=&#8221;on&#8221; _builder_version=&#8221;4.21.0&#8243; _module_preset=&#8221;default&#8221; width=&#8221;100%&#8221; max_width=&#8221;65%&#8221; animation_style=&#8221;slide&#8221; animation_direction=&#8221;bottom&#8221; global_colors_info=&#8221;{}&#8221;][et_pb_column type=&#8221;1_4&#8243; _builder_version=&#8221;4.18.0&#8243; _module_preset=&#8221;default&#8221; global_colors_info=&#8221;{}&#8221;][et_pb_text _builder_version=&#8221;4.18.0&#8243; _module_preset=&#8221;default&#8221; text_font_size=&#8221;20px&#8221; global_colors_info=&#8221;{}&#8221;]<\/p>\n<ul>\n<li>Speed Control<\/li>\n<li>Geofences<\/li>\n<li>Unlimited Warranty<\/li>\n<li>Trip History<br \/>(one year)<\/li>\n<\/ul>\n<p>[\/et_pb_text][\/et_pb_column][et_pb_column type=&#8221;1_4&#8243; _builder_version=&#8221;4.18.0&#8243; _module_preset=&#8221;default&#8221; global_colors_info=&#8221;{}&#8221;][et_pb_text _builder_version=&#8221;4.18.0&#8243; _module_preset=&#8221;default&#8221; text_font_size=&#8221;20px&#8221; global_colors_info=&#8221;{}&#8221;]<\/p>\n<ul>\n<li>Total Security<\/li>\n<li>Management<\/li>\n<li>Fuel Savings<\/li>\n<li>Maintenance<\/li>\n<\/ul>\n<p>[\/et_pb_text][\/et_pb_column][et_pb_column type=&#8221;1_4&#8243; _builder_version=&#8221;4.21.0&#8243; _module_preset=&#8221;default&#8221; link_option_url=&#8221;https:\/\/carcity.com.mx\/wp-content\/uploads\/2023\/06\/175-C-1.json&#8221; global_colors_info=&#8221;{}&#8221;][dsm_lottie lottie_url=&#8221;https:\/\/carcity.com.mx\/wp-content\/uploads\/2023\/06\/175-C-pru.jsona&#8221; _builder_version=&#8221;4.21.0&#8243; _module_preset=&#8221;default&#8221; width=&#8221;68%&#8221; module_alignment=&#8221;center&#8221; custom_margin=&#8221;-8%||||false|false&#8221; global_colors_info=&#8221;{}&#8221;][\/dsm_lottie][\/et_pb_column][et_pb_column type=&#8221;1_4&#8243; _builder_version=&#8221;4.21.0&#8243; _module_preset=&#8221;default&#8221; global_colors_info=&#8221;{}&#8221;][dsm_lottie lottie_url=&#8221;https:\/\/carcity.com.mx\/wp-content\/uploads\/2023\/06\/175-C-prueba.json&#8221; _builder_version=&#8221;4.21.0&#8243; _module_preset=&#8221;default&#8221; animation_style=&#8221;slide&#8221; animation_direction=&#8221;left&#8221; global_colors_info=&#8221;{}&#8221;][\/dsm_lottie][\/et_pb_column][\/et_pb_row][\/et_pb_section][et_pb_section fb_built=&#8221;1&#8243; _builder_version=&#8221;4.21.0&#8243; _module_preset=&#8221;default&#8221; custom_margin=&#8221;0px||0px||false|false&#8221; da_disable_devices=&#8221;off|off|off&#8221; global_colors_info=&#8221;{}&#8221; da_is_popup=&#8221;off&#8221; da_exit_intent=&#8221;off&#8221; da_has_close=&#8221;on&#8221; da_alt_close=&#8221;off&#8221; da_dark_close=&#8221;off&#8221; da_not_modal=&#8221;on&#8221; da_is_singular=&#8221;off&#8221; da_with_loader=&#8221;off&#8221; da_has_shadow=&#8221;on&#8221;][et_pb_row column_structure=&#8221;2_5,3_5&#8243; _builder_version=&#8221;4.21.0&#8243; _module_preset=&#8221;default&#8221; global_colors_info=&#8221;{}&#8221;][et_pb_column type=&#8221;2_5&#8243; _builder_version=&#8221;4.21.0&#8243; _module_preset=&#8221;default&#8221; global_colors_info=&#8221;{}&#8221;][et_pb_image src=&#8221;https:\/\/carcity.com.mx\/wp-content\/uploads\/2023\/07\/DESCARGA-Recuperado.png&#8221; alt=&#8221;Descarga la APP&#8221; title_text=&#8221;Descarga la APP&#8221; url=&#8221;https:\/\/carcity.intervoips.com\/&#8221; url_new_window=&#8221;on&#8221; _builder_version=&#8221;4.27.0&#8243; _module_preset=&#8221;default&#8221; animation_style=&#8221;slide&#8221; hover_enabled=&#8221;0&#8243; global_colors_info=&#8221;{}&#8221; sticky_enabled=&#8221;0&#8243;][\/et_pb_image][\/et_pb_column][et_pb_column type=&#8221;3_5&#8243; _builder_version=&#8221;4.21.0&#8243; _module_preset=&#8221;default&#8221; global_colors_info=&#8221;{}&#8221;][et_pb_text _builder_version=&#8221;4.21.0&#8243; _module_preset=&#8221;default&#8221; global_colors_info=&#8221;{}&#8221;]<\/p>\n<h1 style=\"text-align: center; font-size: 35px;\"><strong>GPS for <span style=\"color: #ff9900;\">Vehicle Tracking<\/span><\/strong><\/h1>\n<p><span style=\"font-size: large;\"><\/span><\/p>\n<p><span style=\"font-size: large;\"><\/span><\/p>\n<p><span style=\"font-size: large;\"><\/span><\/p>\n<p><span style=\"font-size: large;\"><\/span><\/p>\n<p><span style=\"font-size: large;\">Our platform is the easiest to use. <\/span><\/p>\n<p><span style=\"font-size: large;\">Easily track your vehicles in real time, review their travel history, and remotely shut down the engine in case of theft. <strong>review their travel history,<\/strong>, <strong>and remotely shut down<\/strong> and <strong>engine in case of theft.<\/strong>.<\/span><\/p>\n<p><span style=\"font-size: large;\"><\/span><\/p>\n<p><span style=\"color: #2d2d2d;\"><em><span style=\"font-size: large;\"><\/span><\/em><\/span><\/p>\n<blockquote>\n<p><span style=\"color: #2d2d2d;\"><em><span style=\"font-size: large;\">Don\u2019t waste another minute. Keep your vehicles safe with our GPS tracking system.<\/span><\/em><\/span><\/p>\n<\/blockquote>\n<p>&nbsp;<\/p>\n<p>&nbsp;<\/p>\n<p>&nbsp;<\/p>\n<p>[\/et_pb_text][\/et_pb_column][\/et_pb_row][\/et_pb_section][et_pb_section fb_built=&#8221;1&#8243; module_id=&#8221;contacto&#8221; _builder_version=&#8221;4.18.0&#8243; _module_preset=&#8221;default&#8221; custom_padding=&#8221;0px||0px||true|false&#8221; da_disable_devices=&#8221;off|off|off&#8221; global_colors_info=&#8221;{}&#8221; da_is_popup=&#8221;off&#8221; da_exit_intent=&#8221;off&#8221; da_has_close=&#8221;on&#8221; da_alt_close=&#8221;off&#8221; da_dark_close=&#8221;off&#8221; da_not_modal=&#8221;on&#8221; da_is_singular=&#8221;off&#8221; da_with_loader=&#8221;off&#8221; da_has_shadow=&#8221;on&#8221;][et_pb_row use_custom_gutter=&#8221;on&#8221; gutter_width=&#8221;1&#8243; make_equal=&#8221;on&#8221; _builder_version=&#8221;4.18.0&#8243; _module_preset=&#8221;default&#8221; width=&#8221;100%&#8221; max_width=&#8221;100%&#8221; custom_margin=&#8221;0px||0px||true|false&#8221; custom_padding=&#8221;0px||0px||true|false&#8221; global_colors_info=&#8221;{}&#8221;][et_pb_column type=&#8221;4_4&#8243; _builder_version=&#8221;4.18.0&#8243; _module_preset=&#8221;default&#8221; background_color=&#8221;#fff9eb&#8221; global_colors_info=&#8221;{}&#8221;][et_pb_text _builder_version=&#8221;4.21.0&#8243; _module_preset=&#8221;default&#8221; header_2_text_align=&#8221;center&#8221; header_3_text_align=&#8221;center&#8221; header_4_text_align=&#8221;center&#8221; header_5_font=&#8221;|700|||||||&#8221; header_5_text_align=&#8221;center&#8221; header_5_text_color=&#8221;#E02B20&#8243; text_orientation=&#8221;center&#8221; custom_margin=&#8221;50px||||false|false&#8221; custom_padding=&#8221;|15%|3%|15%|false|true&#8221; custom_padding_tablet=&#8221;|15%|3%|15%|false|true&#8221; custom_padding_phone=&#8221;|15%|3%|15%|false|true&#8221; custom_padding_last_edited=&#8221;on|desktop&#8221; global_colors_info=&#8221;{}&#8221;]<\/p>\n<h2><img loading=\"lazy\" decoding=\"async\" class=\"wp-image-330 alignnone size-full\" src=\"https:\/\/carcity.com.mx\/wp-content\/uploads\/2022\/08\/phone.png\" alt=\"\" width=\"27\" height=\"28\" title=\"\"> (777)315.80.32 | 315.82.13<\/h2>\n<h3>CON 30 L\u00cdNEAS<\/h3>\n<p>Get expert advice instantly<\/p>\n<h5>Special Benefits for Fleets<\/h5>\n<p><img loading=\"lazy\" decoding=\"async\" class=\"wp-image-331 alignnone size-full\" src=\"https:\/\/carcity.com.mx\/wp-content\/uploads\/2022\/08\/gps-1.png\" alt=\"\" width=\"11\" height=\"14\" title=\"\"> Av. Plan de Ayala 603, Lomas del Mirador, 62350 Cuernavaca, Mor.<\/p>\n<p>&nbsp;<\/p>\n<p><a href=\"https:\/\/www.facebook.com\/CarCityGpsMexicom\" target=\"_blank\" rel=\"noopener\"><img loading=\"lazy\" decoding=\"async\" class=\"wp-image-329 alignnone size-full\" src=\"https:\/\/carcity.com.mx\/wp-content\/uploads\/2022\/08\/facebook-icon-1.png\" alt=\"\" width=\"34\" height=\"63\" title=\"\">\u00a0\u00a0\u00a0\u00a0\u00a0\u00a0<\/a> <a href=\"https:\/\/www.instagram.com\/carcitygpsmexico\/\" target=\"_blank\" rel=\"noopener\"><img loading=\"lazy\" decoding=\"async\" class=\"wp-image-328 alignnone size-full\" src=\"https:\/\/carcity.com.mx\/wp-content\/uploads\/2022\/08\/instagram-icon-1.png\" alt=\"\" width=\"63\" height=\"63\" title=\"\"> \u00a0 \u00a0<\/a> \u00a0<a href=\"https:\/\/www.youtube.com\/channel\/UCQ0_kehdvcc-oYM6npw0-9A\" target=\"_blank\" rel=\"noopener\"><img loading=\"lazy\" decoding=\"async\" class=\"wp-image-327 alignnone size-full\" src=\"https:\/\/carcity.com.mx\/wp-content\/uploads\/2022\/08\/youtube-icon-1.png\" alt=\"\" width=\"71\" height=\"50\" title=\"\">\u00a0\u00a0\u00a0<\/a><\/p>\n<p>[\/et_pb_text][\/et_pb_column][\/et_pb_row][\/et_pb_section][et_pb_section fb_built=&#8221;1&#8243; fullwidth=&#8221;on&#8221; _builder_version=&#8221;4.18.0&#8243; _module_preset=&#8221;default&#8221; da_disable_devices=&#8221;off|off|off&#8221; global_colors_info=&#8221;{}&#8221; da_is_popup=&#8221;off&#8221; da_exit_intent=&#8221;off&#8221; da_has_close=&#8221;on&#8221; da_alt_close=&#8221;off&#8221; da_dark_close=&#8221;off&#8221; da_not_modal=&#8221;on&#8221; da_is_singular=&#8221;off&#8221; da_with_loader=&#8221;off&#8221; da_has_shadow=&#8221;on&#8221;][et_pb_fullwidth_code _builder_version=&#8221;4.18.0&#8243; _module_preset=&#8221;default&#8221; global_colors_info=&#8221;{}&#8221;]<iframe src=\"https:\/\/www.google.com\/maps\/embed?pb=!1m14!1m8!1m3!1d15096.629673199242!2d-99.2141952!3d18.9244251!3m2!1i1024!2i768!4f13.1!3m3!1m2!1s0x0%3A0x96433840c908255a!2sCar%20City%20GPS!5e0!3m2!1ses!2smx!4v1661987869194!5m2!1ses!2smx\" width=\"1920\" height=\"300\" style=\"border:0;\" allowfullscreen=\"\" loading=\"lazy\" referrerpolicy=\"no-referrer-when-downgrade\"><\/iframe>[\/et_pb_fullwidth_code][\/et_pb_section]<\/p>","protected":false},"excerpt":{"rendered":"<p>Env\u00edanos tus datos y en breve nos pondremos en contacto contigo.Servicio de Datos y Plataforma Control de Velocidad Geocercas Garant\u00eda Ilimitada Historial de Recorrido(un a\u00f1o) Seguridad Total Administraci\u00f3n Ahorro de combustible Mantenimiento <div class=\"et_pb_module dsm_lottie dsm_lottie_0\">\n\t\t\t\t\n\t\t\t\t\n\t\t\t\t\n\t\t\t\t\n\t\t\t\t\n\t\t\t\t\n\t\t\t\t<div class=\"et_pb_module_inner\">\n\t\t\t\t\t<div class=\"dsm_lottie_wrapper\" data-percent-viewport=\"\" data-params=\"{&quot;path&quot;:&quot;https:\\\/\\\/carcity.com.mx\\\/wp-content\\\/uploads\\\/2023\\\/06\\\/175-C-pru.jsona&quot;,&quot;loop&quot;:true,&quot;loop_no&quot;:&quot;&quot;,&quot;delay&quot;:&quot;0ms&quot;,&quot;direction&quot;:&quot;1&quot;,&quot;speed&quot;:&quot;1&quot;,&quot;hover&quot;:false,&quot;trigger&quot;:&quot;on_hover&quot;,&quot;scroll&quot;:&quot;on_hover&quot;,&quot;mouseout&quot;:&quot;no_action&quot;,&quot;viewport&quot;:&quot;80%&quot;}\">\n\t\t\t<\/div>\n\t\t\t\t<\/div>\n\t\t\t<\/div><div class=\"et_pb_module dsm_lottie dsm_lottie_1 et_animated\">\n\t\t\t\t\n\t\t\t\t\n\t\t\t\t\n\t\t\t\t\n\t\t\t\t\n\t\t\t\t\n\t\t\t\t<div class=\"et_pb_module_inner\">\n\t\t\t\t\t<div class=\"dsm_lottie_wrapper\" data-percent-viewport=\"\" data-params=\"{&quot;path&quot;:&quot;https:\\\/\\\/carcity.com.mx\\\/wp-content\\\/uploads\\\/2023\\\/06\\\/175-C-prueba.json&quot;,&quot;loop&quot;:true,&quot;loop_no&quot;:&quot;&quot;,&quot;delay&quot;:&quot;0ms&quot;,&quot;direction&quot;:&quot;1&quot;,&quot;speed&quot;:&quot;1&quot;,&quot;hover&quot;:false,&quot;trigger&quot;:&quot;on_hover&quot;,&quot;scroll&quot;:&quot;on_hover&quot;,&quot;mouseout&quot;:&quot;no_action&quot;,&quot;viewport&quot;:&quot;80%&quot;}\">\n\t\t\t<\/div>\n\t\t\t\t<\/div>\n\t\t\t<\/div>GPS para Localizaci\u00f3n Vehicular Nuestra plataforma es la m\u00e1s sencilla [&hellip;]<\/p>","protected":false},"author":4,"featured_media":0,"parent":193,"menu_order":0,"comment_status":"closed","ping_status":"closed","template":"","meta":{"_et_pb_use_builder":"on","_et_pb_old_content":"","_et_gb_content_width":"","footnotes":""},"_links":{"self":[{"href":"https:\/\/carcity.com.mx\/en\/wp-json\/wp\/v2\/pages\/902"}],"collection":[{"href":"https:\/\/carcity.com.mx\/en\/wp-json\/wp\/v2\/pages"}],"about":[{"href":"https:\/\/carcity.com.mx\/en\/wp-json\/wp\/v2\/types\/page"}],"author":[{"embeddable":true,"href":"https:\/\/carcity.com.mx\/en\/wp-json\/wp\/v2\/users\/4"}],"replies":[{"embeddable":true,"href":"https:\/\/carcity.com.mx\/en\/wp-json\/wp\/v2\/comments?post=902"}],"version-history":[{"count":7,"href":"https:\/\/carcity.com.mx\/en\/wp-json\/wp\/v2\/pages\/902\/revisions"}],"predecessor-version":[{"id":1446,"href":"https:\/\/carcity.com.mx\/en\/wp-json\/wp\/v2\/pages\/902\/revisions\/1446"}],"up":[{"embeddable":true,"href":"https:\/\/carcity.com.mx\/en\/wp-json\/wp\/v2\/pages\/193"}],"wp:attachment":[{"href":"https:\/\/carcity.com.mx\/en\/wp-json\/wp\/v2\/media?parent=902"}],"curies":[{"name":"wp","href":"https:\/\/api.w.org\/{rel}","templated":true}]}}